{"id":510,"date":"2021-05-13T14:23:52","date_gmt":"2021-05-13T11:23:52","guid":{"rendered":"http:\/\/setmark.ee\/?page_id=510"},"modified":"2021-05-14T09:49:35","modified_gmt":"2021-05-14T06:49:35","slug":"avaleht","status":"publish","type":"page","link":"https:\/\/www.setmark.ee\/","title":{"rendered":"Avaleht"},"content":{"rendered":"<p><a href=\"http:\/\/setmark.ee\/\">Setmark O\u00dc<\/a> on ettev\u00f5te mis on orjenteeritud leidma lahendusi tanklates ette tulla v\u00f5ivate rikete ja probleemide kiireks ja asjakohaseks lahendamiseks. Kliendi rahulolu on meie t\u00f6\u00f6s v\u00e4ga oluline, seega p\u00fc\u00fcame oma t\u00f6\u00f6s olla paindlikud ja v\u00f5imalusel arvestada kliendi ettepanekute ja sooveidega, sest ainult nii tekib usaldus ja j\u00e4tkub koost\u00f6\u00f6. Firma p\u00f5hitegevuseks on erinevate tankimisseadmete tehniline hooldus ja remont (Wayne, Gilbarco, Tokheim, Nesteri, Piusi, jne . Samuti mahutite \u00fclet\u00e4ite- ja j\u00e4lgimisseadmete(Veeder-Root, Franklin Fueling System, Proguage, Piusi Ocio, \u2026<\/p>\n<p><a href=\"http:\/\/setmark.ee\/\">www.setmark.ee<\/a>\u00a0\u00a0\u00a0\u00a0\u00a0\u00a0\u00a0\u00a0\u00a0 <a href=\"mailto:setmarkou@gmail.com\">setmarkou@gmail.com<\/a>\u00a0\u00a0\u00a0\u00a0\u00a0\u00a0\u00a0\u00a0\u00a0\u00a0\u00a0\u00a0\u00a0 +372 534 62300<\/p>\n","protected":false},"excerpt":{"rendered":"<p>Setmark O\u00dc on ettev\u00f5te mis on orjenteeritud leidma lahendusi tanklates ette tulla v\u00f5ivate rikete ja probleemide kiireks ja asjakohaseks lahendamiseks. Kliendi rahulolu on meie t\u00f6\u00f6s v\u00e4ga oluline, seega p\u00fc\u00fcame oma t\u00f6\u00f6s olla paindlikud ja v\u00f5imalusel arvestada kliendi ettepanekute ja sooveidega, sest ainult nii tekib usaldus ja j\u00e4tkub koost\u00f6\u00f6. Firma p\u00f5hitegevuseks on erinevate tankimisseadmete tehniline hooldus [&hellip;]<\/p>\n","protected":false},"author":1,"featured_media":0,"parent":0,"menu_order":0,"comment_status":"closed","ping_status":"closed","template":"","meta":{"footnotes":""},"class_list":["post-510","page","type-page","status-publish","hentry"],"_links":{"self":[{"href":"https:\/\/www.setmark.ee\/index.php?rest_route=\/wp\/v2\/pages\/510"}],"collection":[{"href":"https:\/\/www.setmark.ee\/index.php?rest_route=\/wp\/v2\/pages"}],"about":[{"href":"https:\/\/www.setmark.ee\/index.php?rest_route=\/wp\/v2\/types\/page"}],"author":[{"embeddable":true,"href":"https:\/\/www.setmark.ee\/index.php?rest_route=\/wp\/v2\/users\/1"}],"replies":[{"embeddable":true,"href":"https:\/\/www.setmark.ee\/index.php?rest_route=%2Fwp%2Fv2%2Fcomments&post=510"}],"version-history":[{"count":5,"href":"https:\/\/www.setmark.ee\/index.php?rest_route=\/wp\/v2\/pages\/510\/revisions"}],"predecessor-version":[{"id":594,"href":"https:\/\/www.setmark.ee\/index.php?rest_route=\/wp\/v2\/pages\/510\/revisions\/594"}],"wp:attachment":[{"href":"https:\/\/www.setmark.ee\/index.php?rest_route=%2Fwp%2Fv2%2Fmedia&parent=510"}],"curies":[{"name":"wp","href":"https:\/\/api.w.org\/{rel}","templated":true}]}}