{"id":2,"date":"2021-05-07T12:01:27","date_gmt":"2021-05-07T09:01:27","guid":{"rendered":"http:\/\/setmark.ee\/?page_id=2"},"modified":"2021-05-13T16:27:05","modified_gmt":"2021-05-13T13:27:05","slug":"sample-page","status":"publish","type":"page","link":"https:\/\/www.setmark.ee\/?page_id=2","title":{"rendered":"Info"},"content":{"rendered":"\r\n<p>Firma p\u00f5hitegevuseks on erinevate tankimisseadmete\u00a0 tehniline hooldus ja remont (Wayne, Gilbarco, Tokheim, Nesteri, Piusi, jne . Samuti mahutite \u00fclet\u00e4ite- ja j\u00e4lgimisseadmete(Veeder-Root, Franklin Fueling System, Proguage, Piusi Ocio, Fafnir, jne) hooldus ja remont. Tanklahooldus kogemust rohkem kui 15aastat.<\/p>\r\n\r\n<p>EluFilosoofia<\/p>\r\n<p>&#8220;Parem kaotada raha kui usaldust&#8221;<br \/>&#8220;I would rather lose money than trust.&#8221;<br \/>&#8220;Hellre f\u00f6rlora pengar \u00e4n f\u00f6rtroende&#8221;<br \/>Robert Bosch (1891-1942)<\/p>\r\n<p>&nbsp;<\/p>\r\n<p>\u00a0\u00a0 <a href=\"http:\/\/setmark.ee\/\">www.setmark.ee<\/a>\u00a0\u00a0\u00a0\u00a0\u00a0\u00a0\u00a0\u00a0\u00a0 <a href=\"mailto:setmarkou@gmail.com\">setmarkou@gmail.com<\/a>\u00a0\u00a0\u00a0\u00a0\u00a0\u00a0\u00a0\u00a0\u00a0\u00a0\u00a0\u00a0\u00a0 +372 534 62300\u00a0 \u00a0\u00a0\u00a0\u00a0\u00a0\u00a0\u00a0\u00a0\u00a0\u00a0\u00a0\u00a0\u00a0\u00a0\u00a0\u00a0\u00a0\u00a0\u00a0\u00a0\u00a0\u00a0\u00a0\u00a0\u00a0\u00a0\u00a0\u00a0\u00a0\u00a0\u00a0\u00a0\u00a0\u00a0\u00a0\u00a0\u00a0\u00a0\u00a0\u00a0\u00a0\u00a0\u00a0\u00a0\u00a0\u00a0\u00a0\u00a0\u00a0\u00a0\u00a0\u00a0\u00a0\u00a0\u00a0\u00a0\u00a0\u00a0\u00a0\u00a0\u00a0\u00a0\u00a0\u00a0\u00a0\u00a0\u00a0\u00a0\u00a0\u00a0<\/p>","protected":false},"excerpt":{"rendered":"<p>Firma p\u00f5hitegevuseks on erinevate tankimisseadmete\u00a0 tehniline hooldus ja remont (Wayne, Gilbarco, Tokheim, Nesteri, Piusi, jne . Samuti mahutite \u00fclet\u00e4ite- ja j\u00e4lgimisseadmete(Veeder-Root, Franklin Fueling System, Proguage, Piusi Ocio, Fafnir, jne) hooldus ja remont. Tanklahooldus kogemust rohkem kui 15aastat. EluFilosoofia &#8220;Parem kaotada raha kui usaldust&#8221;&#8220;I would rather lose money than trust.&#8221;&#8220;Hellre f\u00f6rlora pengar \u00e4n f\u00f6rtroende&#8221;Robert Bosch (1891-1942) [&hellip;]<\/p>\n","protected":false},"author":1,"featured_media":0,"parent":0,"menu_order":0,"comment_status":"closed","ping_status":"closed","template":"","meta":{"footnotes":""},"class_list":["post-2","page","type-page","status-publish","hentry"],"_links":{"self":[{"href":"https:\/\/www.setmark.ee\/index.php?rest_route=\/wp\/v2\/pages\/2"}],"collection":[{"href":"https:\/\/www.setmark.ee\/index.php?rest_route=\/wp\/v2\/pages"}],"about":[{"href":"https:\/\/www.setmark.ee\/index.php?rest_route=\/wp\/v2\/types\/page"}],"author":[{"embeddable":true,"href":"https:\/\/www.setmark.ee\/index.php?rest_route=\/wp\/v2\/users\/1"}],"replies":[{"embeddable":true,"href":"https:\/\/www.setmark.ee\/index.php?rest_route=%2Fwp%2Fv2%2Fcomments&post=2"}],"version-history":[{"count":5,"href":"https:\/\/www.setmark.ee\/index.php?rest_route=\/wp\/v2\/pages\/2\/revisions"}],"predecessor-version":[{"id":571,"href":"https:\/\/www.setmark.ee\/index.php?rest_route=\/wp\/v2\/pages\/2\/revisions\/571"}],"wp:attachment":[{"href":"https:\/\/www.setmark.ee\/index.php?rest_route=%2Fwp%2Fv2%2Fmedia&parent=2"}],"curies":[{"name":"wp","href":"https:\/\/api.w.org\/{rel}","templated":true}]}}